{"id":125,"date":"2025-06-09T17:45:16","date_gmt":"2025-06-09T20:45:16","guid":{"rendered":"https:\/\/lp.wiserxp.com\/?page_id=125"},"modified":"2025-06-09T18:31:43","modified_gmt":"2025-06-09T21:31:43","slug":"software-workplace-wiser","status":"publish","type":"page","link":"https:\/\/lp.wiserxp.com\/?page_id=125","title":{"rendered":"Software Workplace Wiser"},"content":{"rendered":"<p>[et_pb_section fb_built=&#8221;1&#8243; theme_builder_area=&#8221;post_content&#8221; _builder_version=&#8221;4.27.4&#8243; _module_preset=&#8221;default&#8221; background_color=&#8221;#f1f5f7&#8243; hover_enabled=&#8221;0&#8243; sticky_enabled=&#8221;0&#8243; custom_padding=&#8221;||0px|||&#8221;][et_pb_row _builder_version=&#8221;4.27.4&#8243; _module_preset=&#8221;default&#8221; theme_builder_area=&#8221;post_content&#8221; custom_padding=&#8221;||0px||false|false&#8221; hover_enabled=&#8221;0&#8243; sticky_enabled=&#8221;0&#8243;][et_pb_column _builder_version=&#8221;4.27.4&#8243; _module_preset=&#8221;default&#8221; type=&#8221;4_4&#8243; theme_builder_area=&#8221;post_content&#8221;][et_pb_code _builder_version=&#8221;4.27.4&#8243; _module_preset=&#8221;default&#8221; theme_builder_area=&#8221;post_content&#8221; hover_enabled=&#8221;0&#8243; sticky_enabled=&#8221;0&#8243;]<\/p>\n<section style=\"<!-- [et_pb_line_break_holder] -->  padding: 60px 20px 0;<!-- [et_pb_line_break_holder] -->  text-align: center;<!-- [et_pb_line_break_holder] -->  background-color: #f1f5f7;<!-- [et_pb_line_break_holder] -->&#8220;><!-- [et_pb_line_break_holder] -->  <img decoding=\"async\" width=\"720\" height=\"480\" style=\"aspect-ratio:3\/2;\" src=\"https:\/\/lp.wiserxp.com\/wp-content\/uploads\/2024\/05\/Wiser-Experience-Logo.webp\"<!-- [et_pb_line_break_holder] -->       alt=&#8221;Logo Wiser Experience&#8221;<!-- [et_pb_line_break_holder] -->       width=&#8221;130&#8243;<!-- [et_pb_line_break_holder] -->       height=&#8221;40&#8243;<!-- [et_pb_line_break_holder] -->       style=&#8221;margin: 0 auto 20px; display: block;&#8221;><!-- [et_pb_line_break_holder] --><!-- [et_pb_line_break_holder] -->  <\/p>\n<h1 style=\"<!-- [et_pb_line_break_holder] -->    color: #520060;<!-- [et_pb_line_break_holder] -->    font-size: clamp(28px, 5vw, 42px);<!-- [et_pb_line_break_holder] -->    font-weight: 700;<!-- [et_pb_line_break_holder] -->    line-height: 1.3;<!-- [et_pb_line_break_holder] -->    margin-bottom: 20px;<!-- [et_pb_line_break_holder] -->  &#8220;><!-- [et_pb_line_break_holder] -->    Escrit\u00f3rio Inteligente: Reservas Simples e An\u00e1lises Avan\u00e7adas<!-- [et_pb_line_break_holder] -->  <\/h1>\n<p><!-- [et_pb_line_break_holder] --><!-- [et_pb_line_break_holder] -->  <pee style=\"<!-- [et_pb_line_break_holder] -->    color: #2c3e50;<!-- [et_pb_line_break_holder] -->    font-size: clamp(16px, 3.8vw, 20px);<!-- [et_pb_line_break_holder] -->    line-height: 1.5;<!-- [et_pb_line_break_holder] -->    max-width: 800px;<!-- [et_pb_line_break_holder] -->    margin: 0 auto 30px;<!-- [et_pb_line_break_holder] -->  &#8220;><!-- [et_pb_line_break_holder] -->    Solu\u00e7\u00e3o completa que integra reserva de espa\u00e7os, IA e an\u00e1lise avan\u00e7ada de dados para<!-- [et_pb_line_break_holder] -->    transformar a experi\u00eancia do seu time e performance dos espa\u00e7os.<!-- [et_pb_line_break_holder] -->  <\/pee><!-- [et_pb_line_break_holder] --><!-- [et_pb_line_break_holder] -->  <a href=\"#contato\" style=\"<!-- [et_pb_line_break_holder] -->    display: inline-block;<!-- [et_pb_line_break_holder] -->    background-color: #520060;<!-- [et_pb_line_break_holder] -->    color: #fff;<!-- [et_pb_line_break_holder] -->    padding: 14px 28px;<!-- [et_pb_line_break_holder] -->    border-radius: 40px;<!-- [et_pb_line_break_holder] -->    font-size: 16px;<!-- [et_pb_line_break_holder] -->    text-decoration: none;<!-- [et_pb_line_break_holder] -->    transition: background 0.3s;<!-- [et_pb_line_break_holder] -->    margin-bottom: 40px;<!-- [et_pb_line_break_holder] -->  &#8220;><!-- [et_pb_line_break_holder] -->    Agende uma conversa<!-- [et_pb_line_break_holder] -->  <\/a><!-- [et_pb_line_break_holder] --><!-- [et_pb_line_break_holder] -->  <video<!-- [et_pb_line_break_holder]-->    autoplay<!-- [et_pb_line_break_holder] -->    muted<!-- [et_pb_line_break_holder] -->    playsinline<!-- [et_pb_line_break_holder] -->    loop<!-- [et_pb_line_break_holder] -->    width=&#8221;800&#8243;<!-- [et_pb_line_break_holder] -->    height=&#8221;451&#8243;<!-- [et_pb_line_break_holder] -->    style=&#8221;<!-- [et_pb_line_break_holder] -->      max-width: 800px;<!-- [et_pb_line_break_holder] -->      width: 100%;<!-- [et_pb_line_break_holder] -->      aspect-ratio: 16 \/ 9;<!-- [et_pb_line_break_holder] -->      display: block;<!-- [et_pb_line_break_holder] -->      margin: 0 auto;<!-- [et_pb_line_break_holder] -->      border-radius: 12px;<!-- [et_pb_line_break_holder] -->    &#8220;><!-- [et_pb_line_break_holder] --><source src=\"https:\/\/wiserxp.com\/wp-content\/uploads\/2025\/05\/Wiser-Office1.mp4\" type=\"video\/mp4\"><!-- [et_pb_line_break_holder] -->    Seu navegador n\u00e3o suporta v\u00eddeo.<!-- [et_pb_line_break_holder] --><\/video><!-- [et_pb_line_break_holder] --><\/section>\n<p><!-- [et_pb_line_break_holder] -->[\/et_pb_code][\/et_pb_column][\/et_pb_row][\/et_pb_section][et_pb_section fb_built=&#8221;1&#8243; theme_builder_area=&#8221;post_content&#8221; _builder_version=&#8221;4.27.4&#8243; _module_preset=&#8221;default&#8221; custom_padding=&#8221;0px||0px||false|false&#8221; hover_enabled=&#8221;0&#8243; sticky_enabled=&#8221;0&#8243; background_color=&#8221;#520060&#8243; custom_margin=&#8221;0px||0px||false|false&#8221;][et_pb_row _builder_version=&#8221;4.27.4&#8243; _module_preset=&#8221;default&#8221; theme_builder_area=&#8221;post_content&#8221; custom_padding=&#8221;1%||1%||true|false&#8221; hover_enabled=&#8221;0&#8243; sticky_enabled=&#8221;0&#8243;][et_pb_column _builder_version=&#8221;4.27.4&#8243; _module_preset=&#8221;default&#8221; type=&#8221;4_4&#8243; theme_builder_area=&#8221;post_content&#8221;][et_pb_text _builder_version=&#8221;4.27.4&#8243; _module_preset=&#8221;default&#8221; theme_builder_area=&#8221;post_content&#8221; text_text_color=&#8221;#FFFFFF&#8221; text_orientation=&#8221;center&#8221; text_font=&#8221;|700|||||||&#8221; hover_enabled=&#8221;0&#8243; sticky_enabled=&#8221;0&#8243;]<\/p>\n<p>As maiores empresas do mundo confiam na solul\u00e7ao<\/p>\n<p>[\/et_pb_text][et_pb_code _builder_version=&#8221;4.27.4&#8243; _module_preset=&#8221;default&#8221; theme_builder_area=&#8221;post_content&#8221; custom_css_free_form=&#8221;.logo-section {||  padding: 40px 20px;||  text-align: center;||}||||.logo-container {||  display: flex;||  flex-wrap: wrap;||  justify-content: center;||  gap: 32px;||}||||.logo-container img {||  width: 100px;||  height: auto;||  max-width: 100%;||  object-fit: contain;||  transition: transform 0.2s ease;||}||||.logo-container img:hover {||  transform: scale(1.05);||}||||\/* Responsivo: 3 logos por linha no mobile *\/||@media (max-width: 767px) {||  .logo-container img {||    width: 50px;||  }||}||&#8221; hover_enabled=&#8221;0&#8243; sticky_enabled=&#8221;0&#8243;]<\/p>\n<section class=\"logo-section\"><!-- [et_pb_line_break_holder] -->  <\/p>\n<div class=\"logo-container\"><!-- [et_pb_line_break_holder] -->    <img decoding=\"async\" width=\"720\" height=\"480\" style=\"--smush-placeholder-width: 720px; --smush-placeholder-aspect-ratio: 720\/480;aspect-ratio:3\/2;\" data-src=\"https:\/\/lp.wiserxp.com\/wp-content\/uploads\/2025\/06\/ESPN.png\" alt=\"Logo ESPN\" src=\"data:image\/gif;base64,R0lGODlhAQABAAAAACH5BAEKAAEALAAAAAABAAEAAAICTAEAOw==\" class=\"lazyload\" \/><!-- [et_pb_line_break_holder] -->    <img decoding=\"async\" width=\"720\" height=\"480\" style=\"--smush-placeholder-width: 720px; --smush-placeholder-aspect-ratio: 720\/480;aspect-ratio:3\/2;\" data-src=\"https:\/\/lp.wiserxp.com\/wp-content\/uploads\/2025\/06\/Rabobank.png\" alt=\"Logo Rabobank\" src=\"data:image\/gif;base64,R0lGODlhAQABAAAAACH5BAEKAAEALAAAAAABAAEAAAICTAEAOw==\" class=\"lazyload\" \/><!-- [et_pb_line_break_holder] -->    <img decoding=\"async\" width=\"720\" height=\"480\" style=\"--smush-placeholder-width: 720px; --smush-placeholder-aspect-ratio: 720\/480;aspect-ratio:3\/2;\" data-src=\"https:\/\/lp.wiserxp.com\/wp-content\/uploads\/2025\/06\/EA.png\" alt=\"Logo Europ Assistance\" src=\"data:image\/gif;base64,R0lGODlhAQABAAAAACH5BAEKAAEALAAAAAABAAEAAAICTAEAOw==\" class=\"lazyload\" \/><!-- [et_pb_line_break_holder] -->    <img decoding=\"async\" width=\"720\" height=\"480\" style=\"--smush-placeholder-width: 720px; --smush-placeholder-aspect-ratio: 720\/480;aspect-ratio:3\/2;\" data-src=\"https:\/\/lp.wiserxp.com\/wp-content\/uploads\/2025\/06\/ingenico.png\" alt=\"Logo Ingenico\" src=\"data:image\/gif;base64,R0lGODlhAQABAAAAACH5BAEKAAEALAAAAAABAAEAAAICTAEAOw==\" class=\"lazyload\" \/><!-- [et_pb_line_break_holder] -->    <img decoding=\"async\" width=\"720\" height=\"480\" style=\"--smush-placeholder-width: 720px; --smush-placeholder-aspect-ratio: 720\/480;aspect-ratio:3\/2;\" data-src=\"https:\/\/lp.wiserxp.com\/wp-content\/uploads\/2025\/06\/ArcelorMittal.png\" alt=\"Logo ArcelorMittal\" src=\"data:image\/gif;base64,R0lGODlhAQABAAAAACH5BAEKAAEALAAAAAABAAEAAAICTAEAOw==\" class=\"lazyload\" \/><!-- [et_pb_line_break_holder] -->    <img decoding=\"async\" width=\"720\" height=\"480\" style=\"--smush-placeholder-width: 720px; --smush-placeholder-aspect-ratio: 720\/480;aspect-ratio:3\/2;\" data-src=\"https:\/\/lp.wiserxp.com\/wp-content\/uploads\/2025\/06\/BD.png\" alt=\"Logo BD\" src=\"data:image\/gif;base64,R0lGODlhAQABAAAAACH5BAEKAAEALAAAAAABAAEAAAICTAEAOw==\" class=\"lazyload\" \/><!-- [et_pb_line_break_holder] -->  <\/div>\n<p><!-- [et_pb_line_break_holder] --><\/section>\n<p><!-- [et_pb_line_break_holder] -->[\/et_pb_code][\/et_pb_column][\/et_pb_row][\/et_pb_section][et_pb_section fb_built=&#8221;1&#8243; theme_builder_area=&#8221;post_content&#8221; _builder_version=&#8221;4.27.4&#8243; _module_preset=&#8221;default&#8221; background_color=&#8221;#f1f5f7&#8243; hover_enabled=&#8221;0&#8243; sticky_enabled=&#8221;0&#8243; custom_padding=&#8221;||0px|||&#8221;][et_pb_row _builder_version=&#8221;4.27.4&#8243; _module_preset=&#8221;default&#8221; theme_builder_area=&#8221;post_content&#8221; custom_padding=&#8221;||0px||false|false&#8221; hover_enabled=&#8221;0&#8243; sticky_enabled=&#8221;0&#8243; column_structure=&#8221;2_5,3_5&#8243;][et_pb_column _builder_version=&#8221;4.27.4&#8243; _module_preset=&#8221;default&#8221; type=&#8221;2_5&#8243; theme_builder_area=&#8221;post_content&#8221;][et_pb_text _builder_version=&#8221;4.27.4&#8243; _module_preset=&#8221;default&#8221; theme_builder_area=&#8221;post_content&#8221; hover_enabled=&#8221;0&#8243; sticky_enabled=&#8221;0&#8243;]<\/p>\n<p>Reservas intuitivas e completas<\/p>\n<p>Gest\u00e3o e Reservas de mesas e Salas de Reuni\u00e3o de forma intuitiva e eficiente. Colaboradores utilizam os ambientes do escrit\u00f3rio de forma otimizada e voc\u00ea tem todos os dados de utiliza\u00e7\u00e3o dos ambientes.<\/p>\n<p>[\/et_pb_text][\/et_pb_column][et_pb_column _builder_version=&#8221;4.27.4&#8243; _module_preset=&#8221;default&#8221; type=&#8221;3_5&#8243; theme_builder_area=&#8221;post_content&#8221;][et_pb_image src=&#8221;https:\/\/lp.wiserxp.com\/wp-content\/uploads\/2025\/06\/Facilidade-Wiser_1_.webp&#8221; _builder_version=&#8221;4.27.4&#8243; _module_preset=&#8221;default&#8221; theme_builder_area=&#8221;post_content&#8221; title_text=&#8221;Facilidade-Wiser_1_&#8221; hover_enabled=&#8221;0&#8243; sticky_enabled=&#8221;0&#8243;][\/et_pb_image][\/et_pb_column][\/et_pb_row][\/et_pb_section]<\/p>\n","protected":false},"excerpt":{"rendered":"<p>Escrit\u00f3rio&#8230;<\/p>\n","protected":false},"author":1,"featured_media":0,"parent":0,"menu_order":0,"comment_status":"closed","ping_status":"closed","template":"","meta":{"_et_pb_use_builder":"on","_et_pb_old_content":"","_et_gb_content_width":"","site-sidebar-layout":"default","site-content-layout":"","ast-site-content-layout":"full-width-container","site-content-style":"default","site-sidebar-style":"default","ast-global-header-display":"disabled","ast-banner-title-visibility":"disabled","ast-main-header-display":"disabled","ast-hfb-above-header-display":"","ast-hfb-below-header-display":"","ast-hfb-mobile-header-display":"disabled","site-post-title":"","ast-breadcrumbs-content":"","ast-featured-img":"","footer-sml-layout":"disabled","theme-transparent-header-meta":"","adv-header-id-meta":"","stick-header-meta":"","header-above-stick-meta":"","header-main-stick-meta":"","header-below-stick-meta":"","astra-migrate-meta-layouts":"default","ast-page-background-enabled":"default","ast-page-background-meta":{"desktop":{"background-color":"var(--ast-global-color-5)","background-image":"","background-repeat":"repeat","background-position":"center center","background-size":"auto","background-attachment":"scroll","background-type":"","background-media":"","overlay-type":"","overlay-color":"","overlay-opacity":"","overlay-gradient":""},"tablet":{"background-color":"","background-image":"","background-repeat":"repeat","background-position":"center center","background-size":"auto","background-attachment":"scroll","background-type":"","background-media":"","overlay-type":"","overlay-color":"","overlay-opacity":"","overlay-gradient":""},"mobile":{"background-color":"","background-image":"","background-repeat":"repeat","background-position":"center center","background-size":"auto","background-attachment":"scroll","background-type":"","background-media":"","overlay-type":"","overlay-color":"","overlay-opacity":"","overlay-gradient":""}},"ast-content-background-meta":{"desktop":{"background-color":"var(--ast-global-color-4)","background-image":"","background-repeat":"repeat","background-position":"center center","background-size":"auto","background-attachment":"scroll","background-type":"","background-media":"","overlay-type":"","overlay-color":"","overlay-opacity":"","overlay-gradient":""},"tablet":{"background-color":"var(--ast-global-color-4)","background-image":"","background-repeat":"repeat","background-position":"center center","background-size":"auto","background-attachment":"scroll","background-type":"","background-media":"","overlay-type":"","overlay-color":"","overlay-opacity":"","overlay-gradient":""},"mobile":{"background-color":"var(--ast-global-color-4)","background-image":"","background-repeat":"repeat","background-position":"center center","background-size":"auto","background-attachment":"scroll","background-type":"","background-media":"","overlay-type":"","overlay-color":"","overlay-opacity":"","overlay-gradient":""}},"footnotes":""},"class_list":["post-125","page","type-page","status-publish","hentry"],"_links":{"self":[{"href":"https:\/\/lp.wiserxp.com\/index.php?rest_route=\/wp\/v2\/pages\/125","targetHints":{"allow":["GET"]}}],"collection":[{"href":"https:\/\/lp.wiserxp.com\/index.php?rest_route=\/wp\/v2\/pages"}],"about":[{"href":"https:\/\/lp.wiserxp.com\/index.php?rest_route=\/wp\/v2\/types\/page"}],"author":[{"embeddable":true,"href":"https:\/\/lp.wiserxp.com\/index.php?rest_route=\/wp\/v2\/users\/1"}],"replies":[{"embeddable":true,"href":"https:\/\/lp.wiserxp.com\/index.php?rest_route=%2Fwp%2Fv2%2Fcomments&post=125"}],"version-history":[{"count":8,"href":"https:\/\/lp.wiserxp.com\/index.php?rest_route=\/wp\/v2\/pages\/125\/revisions"}],"predecessor-version":[{"id":141,"href":"https:\/\/lp.wiserxp.com\/index.php?rest_route=\/wp\/v2\/pages\/125\/revisions\/141"}],"wp:attachment":[{"href":"https:\/\/lp.wiserxp.com\/index.php?rest_route=%2Fwp%2Fv2%2Fmedia&parent=125"}],"curies":[{"name":"wp","href":"https:\/\/api.w.org\/{rel}","templated":true}]}}